{"id":709,"date":"2025-04-01T20:11:02","date_gmt":"2025-04-01T18:11:02","guid":{"rendered":"https:\/\/ociocreativo.com\/?page_id=709"},"modified":"2025-12-10T18:37:29","modified_gmt":"2025-12-10T17:37:29","slug":"inicio-2","status":"publish","type":"page","link":"https:\/\/ociocreativo.com\/","title":{"rendered":"Inicio"},"content":{"rendered":"\n<div style=\"height:24px\" aria-hidden=\"true\" class=\"wp-block-spacer\"><\/div>\n\n\n\n<div class=\"wp-block-stackable-columns alignwide stk-block-columns stk-block stk-88ea420\" data-block-id=\"88ea420\"><div class=\"stk-row stk-inner-blocks stk-block-content stk-content-align stk-88ea420-column alignwide\">\n<div class=\"wp-block-stackable-column stk-block-column stk-column stk-block stk-53eb575\" data-v=\"4\" data-block-id=\"53eb575\"><div class=\"stk-column-wrapper stk-block-column__content stk-container stk-53eb575-container stk--no-background stk--no-padding\"><div class=\"stk-block-content stk-inner-blocks stk-53eb575-inner-blocks\">\n<div class=\"wp-block-stackable-columns stk-block-columns stk-block stk-8193d5d\" data-block-id=\"8193d5d\"><div class=\"stk-row stk-inner-blocks stk-block-content stk-content-align stk-8193d5d-column\">\n<div class=\"wp-block-stackable-column stk-block-column stk-column stk-block stk-fe36659\" data-v=\"4\" data-block-id=\"fe36659\"><div class=\"stk-column-wrapper stk-block-column__content stk-container stk-fe36659-container stk--no-background stk--no-padding\"><div class=\"stk-block-content stk-inner-blocks stk-fe36659-inner-blocks\">\n<div class=\"wp-block-stackable-card stk-block-card stk-block stk-44756df is-style-default\" data-v=\"2\" data-block-id=\"44756df\"><style>.stk-44756df .stk-block-card__image{height:500px !important;}.stk-44756df .stk-block-card__image img{object-position:60% 11% !important;object-fit:fill !important;}@media screen and (max-width:689px){.stk-44756df .stk-block-card__image{height:220px !important;}}<\/style><div class=\"stk--no-padding stk-container stk-44756df-container stk-hover-parent\"><figure class=\"stk-block-card__image stk-img-wrapper stk-image--shape-stretch\"><img loading=\"lazy\" decoding=\"async\" class=\"stk-img wp-image-739\" src=\"https:\/\/ociocreativo.com\/wp-content\/uploads\/2025\/04\/3DMETALPUZZLE-1024x768-1.jpg\" width=\"1024\" height=\"760\" srcset=\"https:\/\/ociocreativo.com\/wp-content\/uploads\/2025\/04\/3DMETALPUZZLE-1024x768-1.jpg 1024w, https:\/\/ociocreativo.com\/wp-content\/uploads\/2025\/04\/3DMETALPUZZLE-1024x768-1-300x223.jpg 300w, https:\/\/ociocreativo.com\/wp-content\/uploads\/2025\/04\/3DMETALPUZZLE-1024x768-1-768x570.jpg 768w, https:\/\/ociocreativo.com\/wp-content\/uploads\/2025\/04\/3DMETALPUZZLE-1024x768-1-600x445.jpg 600w\" sizes=\"auto, (max-width: 1024px) 100vw, 1024px\" \/><\/figure><div class=\"stk-container-padding stk-block-card__content\"><div class=\"stk-block-content stk-inner-blocks stk-44756df-inner-blocks\">\n<div class=\"wp-block-stackable-heading stk-block-heading stk-block-heading--v2 stk-block stk-d59aa3a\" id=\"puzzles-de-metal\" data-block-id=\"d59aa3a\"><style>.stk-d59aa3a {margin-bottom:16px !important;}<\/style><h3 class=\"stk-block-heading__text has-text-align-center\">Puzzles de metal<\/h3><\/div>\n\n\n\n<div class=\"wp-block-stackable-text stk-block-text stk-block stk-680f21a\" data-block-id=\"680f21a\"><style>.stk-680f21a {margin-bottom:8px !important;}<\/style><p class=\"stk-block-text__text has-text-align-center\">Rompecabezas de piezas met\u00e1licas, resistentes y desafiantes, que ejercitan la mente y la destreza. Las piezas se unen doblando pesta\u00f1as con pinzas o alicates sin necesidad de pegamento.Perfectos para coleccionar o regalar.                                                                                                  <\/p><\/div>\n\n\n\n<div class=\"wp-block-stackable-button-group stk-block-button-group stk-block stk-bbf2d2d\" data-block-id=\"bbf2d2d\"><div class=\"stk-row stk-inner-blocks stk-block-content stk-button-group\">\n<div class=\"wp-block-stackable-button stk-block-button has-text-align-center stk-block stk-6a16896\" data-block-id=\"6a16896\"><style>.stk-6a16896 , .stk-6a16896 .stk-button{width:100% !important;}.stk-6a16896 {flex:1 0 var(--stk-button-group-flex-wrap, 0) !important;}.stk-6a16896 .stk-button{background:#9b51e0 !important;}<\/style><a class=\"stk-link stk-button stk--hover-effect-darken\" href=\"https:\/\/ociocreativo.com\/?page_id=695\"><span class=\"stk-button__inner-text\">Ver Puzzles de metal<\/span><\/a><\/div>\n<\/div><\/div>\n<\/div><\/div><a class=\"stk-link stk-block-link stk--transparent-overlay\" href=\"https:\/\/ociocreativo.com\/?page_id=695\" aria-hidden=\"true\" tabindex=\"-1\"><\/a><\/div><\/div>\n<\/div><\/div><\/div>\n\n\n\n<div class=\"wp-block-stackable-column stk-block-column stk-column stk-block stk-f0195b4\" data-v=\"4\" data-block-id=\"f0195b4\"><div class=\"stk-column-wrapper stk-block-column__content stk-container stk-f0195b4-container stk--no-background stk--no-padding\"><div class=\"stk-block-content stk-inner-blocks stk-f0195b4-inner-blocks\">\n<div class=\"wp-block-stackable-columns stk-block-columns stk-block stk-d6c7d53\" data-block-id=\"d6c7d53\"><div class=\"stk-row stk-inner-blocks stk-block-content stk-content-align stk-d6c7d53-column\">\n<div class=\"wp-block-stackable-column stk-block-column stk-column stk-block stk-e7d90b6\" data-v=\"4\" data-block-id=\"e7d90b6\"><div class=\"stk-column-wrapper stk-block-column__content stk-container stk-e7d90b6-container stk--no-background stk--no-padding\"><div class=\"stk-block-content stk-inner-blocks stk-e7d90b6-inner-blocks\">\n<div class=\"wp-block-stackable-card stk-block-card stk-block stk-9da1904 is-style-default\" data-v=\"2\" data-block-id=\"9da1904\"><style>.stk-9da1904 .stk-block-card__image{height:500px !important;}@media screen and (max-width:689px){.stk-9da1904 .stk-block-card__image{height:300px !important;}}<\/style><div class=\"stk--no-padding stk-container stk-9da1904-container stk-hover-parent\"><figure class=\"stk-block-card__image stk-img-wrapper stk-image--shape-stretch\"><img loading=\"lazy\" decoding=\"async\" class=\"stk-img wp-image-1853\" src=\"https:\/\/ociocreativo.com\/wp-content\/uploads\/2025\/04\/LOGICA.jpg\" width=\"768\" height=\"768\" srcset=\"https:\/\/ociocreativo.com\/wp-content\/uploads\/2025\/04\/LOGICA.jpg 768w, https:\/\/ociocreativo.com\/wp-content\/uploads\/2025\/04\/LOGICA-300x300.jpg 300w, https:\/\/ociocreativo.com\/wp-content\/uploads\/2025\/04\/LOGICA-150x150.jpg 150w, https:\/\/ociocreativo.com\/wp-content\/uploads\/2025\/04\/LOGICA-600x600.jpg 600w, https:\/\/ociocreativo.com\/wp-content\/uploads\/2025\/04\/LOGICA-100x100.jpg 100w\" sizes=\"auto, (max-width: 768px) 100vw, 768px\" \/><\/figure><div class=\"stk-container-padding stk-block-card__content\"><div class=\"stk-block-content stk-inner-blocks stk-9da1904-inner-blocks\">\n<div class=\"wp-block-stackable-heading stk-block-heading stk-block-heading--v2 stk-block stk-07bbc38\" id=\"ingenio\" data-block-id=\"07bbc38\"><style>.stk-07bbc38 {margin-bottom:16px !important;}<\/style><h3 class=\"stk-block-heading__text has-text-align-center\">Ingenio<\/h3><\/div>\n\n\n\n<div class=\"wp-block-stackable-text stk-block-text stk-block stk-b981140\" data-block-id=\"b981140\"><style>.stk-b981140 {margin-bottom:8px !important;}<\/style><p class=\"stk-block-text__text has-text-align-center\">Descubre una colecci\u00f3n \u00fanica de desaf\u00edos que estimular\u00e1n tu creatividad, l\u00f3gica y capacidad de resolver problemas. Nuestros juegos de ingenio son perfectos para todas las edades y te garantizan horas de diversi\u00f3n mientras ejercitas tu mente.<\/p><\/div>\n\n\n\n<div class=\"wp-block-stackable-button-group stk-block-button-group stk-block stk-fb8b2a9\" data-block-id=\"fb8b2a9\"><div class=\"stk-row stk-inner-blocks stk-block-content stk-button-group\">\n<div class=\"wp-block-stackable-button stk-block-button stk-block stk-8b3c4d5\" data-block-id=\"8b3c4d5\"><style>.stk-8b3c4d5 , .stk-8b3c4d5 .stk-button{width:100% !important;}.stk-8b3c4d5 {flex:1 0 var(--stk-button-group-flex-wrap, 0) !important;}.stk-8b3c4d5 .stk-button{background:#9b51e0 !important;}<\/style><a class=\"stk-link stk-button stk--hover-effect-darken\" href=\"https:\/\/ociocreativo.com\/?product_cat=ingenio\"><span class=\"stk-button__inner-text\">Ver juegos de Ingenio<\/span><\/a><\/div>\n<\/div><\/div>\n<\/div><\/div><a class=\"stk-link stk-block-link stk--transparent-overlay\" href=\"https:\/\/ociocreativo.com\/?product_cat=ingenio\" aria-hidden=\"true\" tabindex=\"-1\"><\/a><\/div><\/div>\n<\/div><\/div><\/div>\n<\/div><\/div>\n<\/div><\/div><\/div>\n<\/div><\/div>\n<\/div><\/div><\/div>\n<\/div><\/div>\n\n\n\n<p><\/p>\n\n\n\n<div class=\"wp-block-stackable-columns alignwide stk-block-columns stk-block stk-18f3c01\" data-block-id=\"18f3c01\"><div class=\"stk-row stk-inner-blocks stk-block-content stk-content-align stk-18f3c01-column alignwide\">\n<div class=\"wp-block-stackable-column stk-block-column stk-column stk-block stk-199e263\" data-v=\"4\" data-block-id=\"199e263\"><div class=\"stk-column-wrapper stk-block-column__content stk-container stk-199e263-container stk--no-background stk--no-padding\"><div class=\"stk-block-content stk-inner-blocks stk-199e263-inner-blocks\">\n<div class=\"wp-block-stackable-card stk-block-card stk-block stk-d201f39 is-style-default\" data-v=\"2\" data-block-id=\"d201f39\"><style>.stk-d201f39 .stk-block-card__image{aspect-ratio:1\/1 !important;height:474px !important;}@media screen and (max-width:689px){.stk-d201f39 .stk-block-card__image{height:216px !important;}}<\/style><div class=\"stk--no-padding stk-container stk-d201f39-container stk-hover-parent\"><figure class=\"stk-block-card__image stk-img-wrapper stk-image--shape-stretch\"><img loading=\"lazy\" decoding=\"async\" class=\"stk-img wp-image-1835\" src=\"https:\/\/ociocreativo.com\/wp-content\/uploads\/2025\/04\/ANTIESTRES1.jpg\" width=\"768\" height=\"768\" srcset=\"https:\/\/ociocreativo.com\/wp-content\/uploads\/2025\/04\/ANTIESTRES1.jpg 768w, https:\/\/ociocreativo.com\/wp-content\/uploads\/2025\/04\/ANTIESTRES1-300x300.jpg 300w, https:\/\/ociocreativo.com\/wp-content\/uploads\/2025\/04\/ANTIESTRES1-150x150.jpg 150w, https:\/\/ociocreativo.com\/wp-content\/uploads\/2025\/04\/ANTIESTRES1-600x600.jpg 600w, https:\/\/ociocreativo.com\/wp-content\/uploads\/2025\/04\/ANTIESTRES1-100x100.jpg 100w\" sizes=\"auto, (max-width: 768px) 100vw, 768px\" \/><\/figure><div class=\"stk-container-padding stk-block-card__content\"><div class=\"stk-block-content stk-inner-blocks stk-d201f39-inner-blocks\">\n<div class=\"wp-block-stackable-heading stk-block-heading stk-block-heading--v2 stk-block stk-62ce913\" id=\"antiestres\" data-block-id=\"62ce913\"><style>.stk-62ce913 {margin-bottom:16px !important;}<\/style><h3 class=\"stk-block-heading__text has-text-align-center\">Antiestr\u00e9s<\/h3><\/div>\n\n\n\n<div class=\"wp-block-stackable-text stk-block-text stk-block stk-b880176\" data-block-id=\"b880176\"><style>.stk-b880176 {margin-bottom:8px !important;}<\/style><p class=\"stk-block-text__text has-text-align-center\">Los dispositivos antiestr\u00e9s son peque\u00f1os objetos dise\u00f1ados para reducir la ansiedad y mejorar la concentraci\u00f3n mediante la estimulaci\u00f3n t\u00e1ctil. Al manipularlos, ayudan a liberar tensi\u00f3n y promover la relajaci\u00f3n, siendo \u00fatiles para personas de todas las edades y especialmente beneficiosos para quienes tienen dificultades de atenci\u00f3n.<\/p><\/div>\n\n\n\n<div class=\"wp-block-stackable-button-group stk-block-button-group stk-block stk-e9aa2f3\" data-block-id=\"e9aa2f3\"><div class=\"stk-row stk-inner-blocks stk-block-content stk-button-group\">\n<div class=\"wp-block-stackable-button stk-block-button stk-block stk-f9e131c\" data-block-id=\"f9e131c\"><style>.stk-f9e131c , .stk-f9e131c .stk-button{width:100% !important;}.stk-f9e131c {flex:1 0 var(--stk-button-group-flex-wrap, 0) !important;}.stk-f9e131c .stk-button{background:#9b51e0 !important;}<\/style><a class=\"stk-link stk-button stk--hover-effect-darken\" href=\"https:\/\/ociocreativo.com\/?product_cat=antiestres\"><span class=\"stk-button__inner-text\">Antiestr\u00e9s<\/span><\/a><\/div>\n<\/div><\/div>\n<\/div><\/div><a class=\"stk-link stk-block-link stk--transparent-overlay\" href=\"https:\/\/ociocreativo.com\/?product_cat=antiestres\" aria-hidden=\"true\" tabindex=\"-1\"><\/a><\/div><\/div>\n<\/div><\/div><\/div>\n\n\n\n<div class=\"wp-block-stackable-column stk-block-column stk-column stk-block stk-41b1f0e\" data-v=\"4\" data-block-id=\"41b1f0e\"><div class=\"stk-column-wrapper stk-block-column__content stk-container stk-41b1f0e-container stk--no-background stk--no-padding\"><div class=\"stk-block-content stk-inner-blocks stk-41b1f0e-inner-blocks\">\n<div class=\"wp-block-stackable-card stk-block-card stk-block stk-3fea5b3 is-style-default\" data-v=\"2\" data-block-id=\"3fea5b3\"><style>.stk-3fea5b3 .stk-block-card__image{aspect-ratio:1\/1 !important;height:500px !important;}@media screen and (max-width:689px){.stk-3fea5b3 .stk-block-card__image{height:200px !important;}}<\/style><div class=\"stk--no-padding stk-container stk-3fea5b3-container stk-hover-parent\"><figure class=\"stk-block-card__image stk-img-wrapper stk-image--shape-stretch\"><img loading=\"lazy\" decoding=\"async\" class=\"stk-img wp-image-1939\" src=\"https:\/\/ociocreativo.com\/wp-content\/uploads\/2025\/05\/IMPRESION3D-1.jpg\" width=\"1316\" height=\"868\" srcset=\"https:\/\/ociocreativo.com\/wp-content\/uploads\/2025\/05\/IMPRESION3D-1.jpg 1316w, https:\/\/ociocreativo.com\/wp-content\/uploads\/2025\/05\/IMPRESION3D-1-300x198.jpg 300w, https:\/\/ociocreativo.com\/wp-content\/uploads\/2025\/05\/IMPRESION3D-1-1024x675.jpg 1024w, https:\/\/ociocreativo.com\/wp-content\/uploads\/2025\/05\/IMPRESION3D-1-768x507.jpg 768w, https:\/\/ociocreativo.com\/wp-content\/uploads\/2025\/05\/IMPRESION3D-1-600x396.jpg 600w\" sizes=\"auto, (max-width: 1316px) 100vw, 1316px\" \/><\/figure><div class=\"stk-container-padding stk-block-card__content\"><div class=\"stk-block-content stk-inner-blocks stk-3fea5b3-inner-blocks\">\n<div class=\"wp-block-stackable-heading stk-block-heading stk-block-heading--v2 stk-block stk-b1f49ea\" id=\"impresion-3-d\" data-block-id=\"b1f49ea\"><style>.stk-b1f49ea {margin-bottom:16px !important;}<\/style><h3 class=\"stk-block-heading__text has-text-align-center\">Impresi\u00f3n 3d<\/h3><\/div>\n\n\n\n<div class=\"wp-block-stackable-text stk-block-text stk-block stk-f147fc0\" data-block-id=\"f147fc0\"><style>.stk-f147fc0 {margin-bottom:8px !important;}<\/style><p class=\"stk-block-text__text has-text-align-center\">Descubre un mundo de creatividad y funcionalidad con nuestras piezas impresas en 3D. Desde originales objetos de decoraci\u00f3n hasta desafiantes juegos de l\u00f3gica, pasando por pr\u00e1cticos art\u00edculos de escritorio y fascinantes modelos educativos. <\/p><\/div>\n\n\n\n<div class=\"wp-block-stackable-button-group stk-block-button-group stk-block stk-58d29ab\" data-block-id=\"58d29ab\"><div class=\"stk-row stk-inner-blocks stk-block-content stk-button-group\">\n<div class=\"wp-block-stackable-button stk-block-button stk-block stk-68b4f89\" data-block-id=\"68b4f89\"><style>.stk-68b4f89 , .stk-68b4f89 .stk-button{width:100% !important;}.stk-68b4f89 {flex:1 0 var(--stk-button-group-flex-wrap, 0) !important;}.stk-68b4f89 .stk-button{background:#9b51e0 !important;}<\/style><a class=\"stk-link stk-button stk--hover-effect-darken\" href=\"https:\/\/ociocreativo.com\/?page_id=1517\"><span class=\"stk-button__inner-text\">Ver Impresi\u00f3n 3D<\/span><\/a><\/div>\n<\/div><\/div>\n<\/div><\/div><a class=\"stk-link stk-block-link stk--transparent-overlay\" href=\"https:\/\/ociocreativo.com\/?page_id=1517\" aria-hidden=\"true\" tabindex=\"-1\"><\/a><\/div><\/div>\n<\/div><\/div><\/div>\n<\/div><\/div>\n\n\n\n<p><\/p>\n","protected":false},"excerpt":{"rendered":"<p>Puzzles de metal Rompecabezas de piezas met\u00e1licas, resistentes y desafiantes, que ejercitan la mente y la destreza. Las piezas se unen doblando pesta\u00f1as con pinzas o alicates sin necesidad de pegamento.Perfectos para coleccionar o regalar. Ver Puzzles de metal Ingenio Descubre una colecci\u00f3n \u00fanica de desaf\u00edos que estimular\u00e1n tu creatividad, l\u00f3gica y capacidad de resolver [&hellip;]<\/p>\n","protected":false},"author":1,"featured_media":0,"parent":0,"menu_order":0,"comment_status":"closed","ping_status":"closed","template":"","meta":{"footnotes":""},"class_list":["post-709","page","type-page","status-publish","hentry"],"blocksy_meta":{"has_hero_section":"disabled","styles_descriptor":{"styles":{"desktop":"","tablet":"","mobile":""},"google_fonts":[],"version":6},"vertical_spacing_source":"custom","content_area_spacing":"none"},"_links":{"self":[{"href":"https:\/\/ociocreativo.com\/index.php?rest_route=\/wp\/v2\/pages\/709","targetHints":{"allow":["GET"]}}],"collection":[{"href":"https:\/\/ociocreativo.com\/index.php?rest_route=\/wp\/v2\/pages"}],"about":[{"href":"https:\/\/ociocreativo.com\/index.php?rest_route=\/wp\/v2\/types\/page"}],"author":[{"embeddable":true,"href":"https:\/\/ociocreativo.com\/index.php?rest_route=\/wp\/v2\/users\/1"}],"replies":[{"embeddable":true,"href":"https:\/\/ociocreativo.com\/index.php?rest_route=%2Fwp%2Fv2%2Fcomments&post=709"}],"version-history":[{"count":63,"href":"https:\/\/ociocreativo.com\/index.php?rest_route=\/wp\/v2\/pages\/709\/revisions"}],"predecessor-version":[{"id":1945,"href":"https:\/\/ociocreativo.com\/index.php?rest_route=\/wp\/v2\/pages\/709\/revisions\/1945"}],"wp:attachment":[{"href":"https:\/\/ociocreativo.com\/index.php?rest_route=%2Fwp%2Fv2%2Fmedia&parent=709"}],"curies":[{"name":"wp","href":"https:\/\/api.w.org\/{rel}","templated":true}]}}